{"id":3499,"date":"2021-12-10T10:45:06","date_gmt":"2021-12-10T10:45:06","guid":{"rendered":"https:\/\/vivi.fitactive.it\/new\/?page_id=3499"},"modified":"2021-12-21T11:58:32","modified_gmt":"2021-12-21T11:58:32","slug":"home","status":"publish","type":"page","link":"https:\/\/vivi.fitactive.it\/new\/","title":{"rendered":"Home"},"content":{"rendered":"\t\t<div data-elementor-type=\"wp-page\" data-elementor-id=\"3499\" class=\"elementor elementor-3499\" data-elementor-settings=\"[]\">\n\t\t\t\t\t\t\t<div class=\"elementor-section-wrap\">\n\t\t\t\t\t\t\t<section class=\"elementor-section elementor-top-section elementor-element elementor-element-6bf29a5 elementor-section-full_width elementor-section-height-default elementor-section-height-default qodef-elementor-content-no\" data-id=\"6bf29a5\" data-element_type=\"section\">\n\t\t\t\t\t\t<div class=\"elementor-container elementor-column-gap-default\">\n\t\t\t\t\t<div class=\"elementor-column elementor-col-50 elementor-top-column elementor-element elementor-element-b228bfd\" data-id=\"b228bfd\" data-element_type=\"column\">\n\t\t\t<div class=\"elementor-widget-wrap elementor-element-populated\">\n\t\t\t\t\t\t\t\t<div class=\"elementor-element elementor-element-339d8c0 elementor-widget elementor-widget-image\" data-id=\"339d8c0\" data-element_type=\"widget\" data-widget_type=\"image.default\">\n\t\t\t\t<div class=\"elementor-widget-container\">\n\t\t\t\t\t\t\t\t\t\t\t\t\t\t\t\t<a href=\"https:\/\/vivi.fitactive.it\/new\/tutorial\/\">\n\t\t\t\t\t\t\t<img loading=\"lazy\" decoding=\"async\" width=\"1024\" height=\"576\" src=\"https:\/\/vivi.fitactive.it\/new\/wp-content\/uploads\/2021\/12\/tutorial-1024x576.jpg\" class=\"attachment-large size-large\" alt=\"\" srcset=\"https:\/\/vivi.fitactive.it\/new\/wp-content\/uploads\/2021\/12\/tutorial-1024x576.jpg 1024w, https:\/\/vivi.fitactive.it\/new\/wp-content\/uploads\/2021\/12\/tutorial-300x169.jpg 300w, https:\/\/vivi.fitactive.it\/new\/wp-content\/uploads\/2021\/12\/tutorial-768x432.jpg 768w, https:\/\/vivi.fitactive.it\/new\/wp-content\/uploads\/2021\/12\/tutorial-1536x864.jpg 1536w, https:\/\/vivi.fitactive.it\/new\/wp-content\/uploads\/2021\/12\/tutorial-600x338.jpg 600w, https:\/\/vivi.fitactive.it\/new\/wp-content\/uploads\/2021\/12\/tutorial.jpg 1920w\" sizes=\"auto, (max-width: 1024px) 100vw, 1024px\" \/>\t\t\t\t\t\t\t\t<\/a>\n\t\t\t\t\t\t\t\t\t\t\t\t\t\t\t<\/div>\n\t\t\t\t<\/div>\n\t\t\t\t\t<\/div>\n\t\t<\/div>\n\t\t\t\t<div class=\"elementor-column elementor-col-50 elementor-top-column elementor-element elementor-element-8041a0b\" data-id=\"8041a0b\" data-element_type=\"column\">\n\t\t\t<div class=\"elementor-widget-wrap elementor-element-populated\">\n\t\t\t\t\t\t\t\t<div class=\"elementor-element elementor-element-e0b9da7 elementor-widget elementor-widget-image\" data-id=\"e0b9da7\" data-element_type=\"widget\" data-widget_type=\"image.default\">\n\t\t\t\t<div class=\"elementor-widget-container\">\n\t\t\t\t\t\t\t\t\t\t\t\t\t\t\t\t<a href=\"https:\/\/vivi.fitactive.it\/new\/corsi-di-gruppo\/\">\n\t\t\t\t\t\t\t<img loading=\"lazy\" decoding=\"async\" width=\"1024\" height=\"576\" src=\"https:\/\/vivi.fitactive.it\/new\/wp-content\/uploads\/2021\/12\/corsi-di-gruppo-1024x576.jpg\" class=\"attachment-large size-large\" alt=\"\" srcset=\"https:\/\/vivi.fitactive.it\/new\/wp-content\/uploads\/2021\/12\/corsi-di-gruppo-1024x576.jpg 1024w, https:\/\/vivi.fitactive.it\/new\/wp-content\/uploads\/2021\/12\/corsi-di-gruppo-300x169.jpg 300w, https:\/\/vivi.fitactive.it\/new\/wp-content\/uploads\/2021\/12\/corsi-di-gruppo-768x432.jpg 768w, https:\/\/vivi.fitactive.it\/new\/wp-content\/uploads\/2021\/12\/corsi-di-gruppo-1536x864.jpg 1536w, https:\/\/vivi.fitactive.it\/new\/wp-content\/uploads\/2021\/12\/corsi-di-gruppo-600x338.jpg 600w, https:\/\/vivi.fitactive.it\/new\/wp-content\/uploads\/2021\/12\/corsi-di-gruppo.jpg 1920w\" sizes=\"auto, (max-width: 1024px) 100vw, 1024px\" \/>\t\t\t\t\t\t\t\t<\/a>\n\t\t\t\t\t\t\t\t\t\t\t\t\t\t\t<\/div>\n\t\t\t\t<\/div>\n\t\t\t\t\t<\/div>\n\t\t<\/div>\n\t\t\t\t\t\t\t<\/div>\n\t\t<\/section>\n\t\t\t\t<section class=\"elementor-section elementor-top-section elementor-element elementor-element-f32da20 elementor-section-boxed elementor-section-height-default elementor-section-height-default qodef-elementor-content-no\" data-id=\"f32da20\" data-element_type=\"section\">\n\t\t\t\t\t\t<div class=\"elementor-container elementor-column-gap-default\">\n\t\t\t\t\t<div class=\"elementor-column elementor-col-100 elementor-top-column elementor-element elementor-element-d196741\" data-id=\"d196741\" data-element_type=\"column\">\n\t\t\t<div class=\"elementor-widget-wrap elementor-element-populated\">\n\t\t\t\t\t\t\t\t<div class=\"elementor-element elementor-element-05e9c24 elementor-widget elementor-widget-heading\" data-id=\"05e9c24\" data-element_type=\"widget\" data-widget_type=\"heading.default\">\n\t\t\t\t<div class=\"elementor-widget-container\">\n\t\t\t<h2 class=\"elementor-heading-title elementor-size-xxl\">Vivi Fitactive<\/h2>\t\t<\/div>\n\t\t\t\t<\/div>\n\t\t\t\t\t<\/div>\n\t\t<\/div>\n\t\t\t\t\t\t\t<\/div>\n\t\t<\/section>\n\t\t\t\t<section class=\"elementor-section elementor-top-section elementor-element elementor-element-fe9a425 elementor-section-boxed elementor-section-height-default elementor-section-height-default qodef-elementor-content-no\" data-id=\"fe9a425\" data-element_type=\"section\">\n\t\t\t\t\t\t<div class=\"elementor-container elementor-column-gap-default\">\n\t\t\t\t\t<div class=\"elementor-column elementor-col-100 elementor-top-column elementor-element elementor-element-36ad499\" data-id=\"36ad499\" data-element_type=\"column\">\n\t\t\t<div class=\"elementor-widget-wrap elementor-element-populated\">\n\t\t\t\t\t\t\t\t<div class=\"elementor-element elementor-element-afd99ac elementor-widget elementor-widget-text-editor\" data-id=\"afd99ac\" data-element_type=\"widget\" data-widget_type=\"text-editor.default\">\n\t\t\t\t<div class=\"elementor-widget-container\">\n\t\t\t\t\t\t\t<p class=\"MsoNormal\"><span style=\"font-size: 10pt;\">In un mondo che corre sempre pi\u00f9 veloce e dove la tecnologia \u00e8 sempre pi\u00f9 parte integrante della nostra vita, FitActive anticipa i tempi intuendo le potenzialit\u00e0 della digitalizzazione del mondo del Fitness, cercando di avvicinare sempre pi\u00f9 i propri iscritti al mondo dello sport, ovunque si trovino.<\/span><\/p><p class=\"MsoNormal\"><span style=\"font-size: 10pt;\">\u00a0<\/span><\/p><p class=\"MsoNormal\"><span style=\"font-size: 10pt;\">\u00a0<\/span><\/p><p class=\"MsoNormal\"><span style=\"font-size: 10pt;\">Ed \u00e8 cos\u00ec che nasce <b><i>Vivi.FitActive.it <\/i><\/b>\u00a0per dare a tutti gli appassionati del benessere fisico la possibilit\u00e0 di allenarsi ovunque vogliano secondo i propri tempi e nei propri spazi. <\/span><\/p><p class=\"MsoNormal\"><span style=\"font-size: 10pt;\">Non solo, la nuovissima piattaforma web si propone anche di dare spunto per gli allenamenti da svolgere in palestra, mediante l\u2019utilizzo di video tutorial con i macchinari presenti in struttura.<\/span><\/p><p class=\"MsoNormal\"><span style=\"font-size: 10pt;\">Tutto questo rappresenta sicuramente l&#8217;avanguardia e il futuro per tutti coloro che amano la cura del proprio corpo.<\/span><\/p><p class=\"MsoNormal\"><span style=\"font-size: 10pt;\">\u00a0<\/span><\/p><p class=\"MsoNormal\"><span style=\"font-size: 10pt;\">Allenare la felicit\u00e0 non \u00e8 mai stato cos\u00ec semplice e veloce!<\/span><\/p><p>\u00a0<\/p><p class=\"MsoNormal\"><span style=\"font-size: 10pt;\">\u00a0<\/span><\/p>\t\t\t\t\t\t<\/div>\n\t\t\t\t<\/div>\n\t\t\t\t\t<\/div>\n\t\t<\/div>\n\t\t\t\t\t\t\t<\/div>\n\t\t<\/section>\n\t\t\t\t\t\t<\/div>\n\t\t\t\t\t<\/div>\n\t\t","protected":false},"excerpt":{"rendered":"<p>Vivi Fitactive In un mondo che corre sempre pi\u00f9 veloce e dove la tecnologia \u00e8 sempre pi\u00f9 parte integrante della nostra vita, FitActive anticipa i tempi intuendo le potenzialit\u00e0 della digitalizzazione del mondo del Fitness, cercando di avvicinare sempre pi\u00f9 i propri iscritti al mondo dello sport, ovunque si trovino. \u00a0 \u00a0 Ed \u00e8 cos\u00ec [&hellip;]<\/p>\n","protected":false},"author":1,"featured_media":0,"parent":0,"menu_order":0,"comment_status":"closed","ping_status":"closed","template":"page-full-width.php","meta":{"footnotes":""},"class_list":["post-3499","page","type-page","status-publish","hentry"],"_links":{"self":[{"href":"https:\/\/vivi.fitactive.it\/new\/wp-json\/wp\/v2\/pages\/3499","targetHints":{"allow":["GET"]}}],"collection":[{"href":"https:\/\/vivi.fitactive.it\/new\/wp-json\/wp\/v2\/pages"}],"about":[{"href":"https:\/\/vivi.fitactive.it\/new\/wp-json\/wp\/v2\/types\/page"}],"author":[{"embeddable":true,"href":"https:\/\/vivi.fitactive.it\/new\/wp-json\/wp\/v2\/users\/1"}],"replies":[{"embeddable":true,"href":"https:\/\/vivi.fitactive.it\/new\/wp-json\/wp\/v2\/comments?post=3499"}],"version-history":[{"count":17,"href":"https:\/\/vivi.fitactive.it\/new\/wp-json\/wp\/v2\/pages\/3499\/revisions"}],"predecessor-version":[{"id":3822,"href":"https:\/\/vivi.fitactive.it\/new\/wp-json\/wp\/v2\/pages\/3499\/revisions\/3822"}],"wp:attachment":[{"href":"https:\/\/vivi.fitactive.it\/new\/wp-json\/wp\/v2\/media?parent=3499"}],"curies":[{"name":"wp","href":"https:\/\/api.w.org\/{rel}","templated":true}]}}