{"id":9798,"date":"2024-08-06T13:09:13","date_gmt":"2024-08-06T11:09:13","guid":{"rendered":"https:\/\/vivi.fitactive.it\/ambition\/?post_type=product&#038;p=9798"},"modified":"2026-03-05T14:03:05","modified_gmt":"2026-03-05T13:03:05","slug":"diva-fitness","status":"publish","type":"product","link":"https:\/\/vivi.fitactive.it\/ambition\/product\/diva-fitness\/","title":{"rendered":"DIVA fitness"},"content":{"rendered":"\t\t<div data-elementor-type=\"wp-post\" data-elementor-id=\"9798\" class=\"elementor elementor-9798\">\n\t\t\t\t\t\t<section class=\"elementor-section elementor-top-section elementor-element elementor-element-d16afe5 elementor-section-boxed elementor-section-height-default elementor-section-height-default\" data-id=\"d16afe5\" data-element_type=\"section\" data-e-type=\"section\">\n\t\t\t\t\t\t<div class=\"elementor-container elementor-column-gap-default\">\n\t\t\t\t\t<div class=\"elementor-column elementor-col-100 elementor-top-column elementor-element elementor-element-d56187a kt-display-default\" data-id=\"d56187a\" data-element_type=\"column\" data-e-type=\"column\">\n\t\t\t<div class=\"elementor-widget-wrap\">\n\t\t\t\t\t\t\t<\/div>\n\t\t<\/div>\n\t\t\t\t\t<\/div>\n\t\t<\/section>\n\t\t\t\t<\/div>\n\t\t","protected":false},"excerpt":{"rendered":"<div>DIVA fitness, il corso di gruppo in esclusiva FitActive che sta riempendo le sale corsi di tutta Italia! Una lezione in cui insegnerai ai clienti a brillare come una diva della pop colture della musica di tutti i tempi. Imparerai coreografie esclusive ispirate ai video clip e alle esibizioni iconiche dei nostri cantanti preferiti. Da Madonna a Rihanna, dai Backstreetboys alle Pussycat dolls&#8230; In un corso che metter\u00e0 alla prova le abilit\u00e0 coordinative dei partecipanti, in un allenamento cardio che li aiuter\u00e0 a muoversi sinuosamente e lasciarsi andare in un ballo sexy e coinvolgente ma anche forte e di carattere.<\/div>\n<div>Segui @therealdivafitness su Instagram per vedere di pi\u00f9 e scoprire che fa proprio al caso tuo.<\/div>\n<div><\/div>\n<div>Il corso si svolger\u00e0 con la creatrice del format Dayana Dias<\/div>\n<div>Alla fine del corso verr\u00e0 rilasciato un attestato di partecipazione valido per svolgere i corsi di DIVA in tutte le palestre FitActive a seguito dell&#8217;approvazione di Dayana.<\/div>\n<div>\n<p>Avrete la possibilit\u00e0 di accedere alle coreografie che porterete nelle classi e vi permetteranno di svolgere le lezioni con sicurezza.<\/p>\n<p><span style=\"font-size: 11.5pt; font-family: Helvetica; color: #262626;\"><strong>Prossima formazione: 29 Marzo 2026<\/strong><\/span><span style=\"font-size: 11.5pt; font-family: Helvetica; color: #262626;\">&#8211; presso la sede di <strong>FitActive Milano Affori<\/strong><\/span><\/p>\n<\/div>\n<p><strong>Per info contattaci a:<\/strong> <a href=\"mailto:corsidigruppo@fitactive.it\">corsidigruppo@fitactive.it<\/a><\/p>\n","protected":false},"featured_media":9801,"template":"","meta":[],"product_brand":[],"product_cat":[124,125],"product_tag":[],"class_list":{"0":"post-9798","1":"product","2":"type-product","3":"status-publish","4":"has-post-thumbnail","6":"product_cat-grouptrainer","7":"product_cat-workshop","9":"first","10":"instock","11":"taxable","12":"shipping-taxable","13":"purchasable","14":"product-type-variable"},"jetpack_sharing_enabled":true,"_links":{"self":[{"href":"https:\/\/vivi.fitactive.it\/ambition\/wp-json\/wp\/v2\/product\/9798","targetHints":{"allow":["GET"]}}],"collection":[{"href":"https:\/\/vivi.fitactive.it\/ambition\/wp-json\/wp\/v2\/product"}],"about":[{"href":"https:\/\/vivi.fitactive.it\/ambition\/wp-json\/wp\/v2\/types\/product"}],"version-history":[{"count":6,"href":"https:\/\/vivi.fitactive.it\/ambition\/wp-json\/wp\/v2\/product\/9798\/revisions"}],"predecessor-version":[{"id":12498,"href":"https:\/\/vivi.fitactive.it\/ambition\/wp-json\/wp\/v2\/product\/9798\/revisions\/12498"}],"wp:featuredmedia":[{"embeddable":true,"href":"https:\/\/vivi.fitactive.it\/ambition\/wp-json\/wp\/v2\/media\/9801"}],"wp:attachment":[{"href":"https:\/\/vivi.fitactive.it\/ambition\/wp-json\/wp\/v2\/media?parent=9798"}],"wp:term":[{"taxonomy":"product_brand","embeddable":true,"href":"https:\/\/vivi.fitactive.it\/ambition\/wp-json\/wp\/v2\/product_brand?post=9798"},{"taxonomy":"product_cat","embeddable":true,"href":"https:\/\/vivi.fitactive.it\/ambition\/wp-json\/wp\/v2\/product_cat?post=9798"},{"taxonomy":"product_tag","embeddable":true,"href":"https:\/\/vivi.fitactive.it\/ambition\/wp-json\/wp\/v2\/product_tag?post=9798"}],"curies":[{"name":"wp","href":"https:\/\/api.w.org\/{rel}","templated":true}]}}