{"id":7495,"date":"2022-12-01T16:46:01","date_gmt":"2022-12-01T15:46:01","guid":{"rendered":"https:\/\/vivi.fitactive.it\/ambition\/?post_type=product&#038;p=7495"},"modified":"2023-11-15T15:01:02","modified_gmt":"2023-11-15T14:01:02","slug":"donna-in-gravidanza","status":"publish","type":"product","link":"https:\/\/vivi.fitactive.it\/ambition\/product\/donna-in-gravidanza\/","title":{"rendered":"Allenare la donna in gravidanza"},"content":{"rendered":"\t\t<div data-elementor-type=\"wp-post\" data-elementor-id=\"7495\" class=\"elementor elementor-7495\">\n\t\t\t\t\t\t<section class=\"elementor-section elementor-top-section elementor-element elementor-element-e4f8855 elementor-section-boxed elementor-section-height-default elementor-section-height-default\" data-id=\"e4f8855\" data-element_type=\"section\" data-e-type=\"section\">\n\t\t\t\t\t\t<div class=\"elementor-container elementor-column-gap-default\">\n\t\t\t\t\t<div class=\"elementor-column elementor-col-100 elementor-top-column elementor-element elementor-element-39d4567 kt-display-default\" data-id=\"39d4567\" data-element_type=\"column\" data-e-type=\"column\">\n\t\t\t<div class=\"elementor-widget-wrap elementor-element-populated\">\n\t\t\t\t\t\t<div class=\"elementor-element elementor-element-a0b8434 elementor-position-top elementor-widget elementor-widget-image-box\" data-id=\"a0b8434\" data-element_type=\"widget\" data-e-type=\"widget\" data-widget_type=\"image-box.default\">\n\t\t\t\t<div class=\"elementor-widget-container\">\n\t\t\t\t\t<div class=\"elementor-image-box-wrapper\"><figure class=\"elementor-image-box-img\"><img fetchpriority=\"high\" decoding=\"async\" width=\"682\" height=\"1024\" src=\"https:\/\/i0.wp.com\/vivi.fitactive.it\/ambition\/wp-content\/uploads\/2022\/12\/SONIA1.jpeg?fit=682%2C1024&amp;ssl=1\" class=\"attachment-large size-large wp-image-7496\" alt=\"\" srcset=\"https:\/\/i0.wp.com\/vivi.fitactive.it\/ambition\/wp-content\/uploads\/2022\/12\/SONIA1.jpeg?w=682&amp;ssl=1 682w, https:\/\/i0.wp.com\/vivi.fitactive.it\/ambition\/wp-content\/uploads\/2022\/12\/SONIA1.jpeg?resize=200%2C300&amp;ssl=1 200w, https:\/\/i0.wp.com\/vivi.fitactive.it\/ambition\/wp-content\/uploads\/2022\/12\/SONIA1.jpeg?resize=600%2C901&amp;ssl=1 600w, https:\/\/i0.wp.com\/vivi.fitactive.it\/ambition\/wp-content\/uploads\/2022\/12\/SONIA1.jpeg?resize=400%2C601&amp;ssl=1 400w\" sizes=\"(max-width: 682px) 100vw, 682px\" \/><\/figure><div class=\"elementor-image-box-content\"><h3 class=\"elementor-image-box-title\">Sonia Sacco<\/h3><\/div><\/div>\t\t\t\t<\/div>\n\t\t\t\t<\/div>\n\t\t\t\t\t<\/div>\n\t\t<\/div>\n\t\t\t\t\t<\/div>\n\t\t<\/section>\n\t\t\t\t<section class=\"elementor-section elementor-top-section elementor-element elementor-element-657eb15 elementor-section-boxed elementor-section-height-default elementor-section-height-default\" data-id=\"657eb15\" data-element_type=\"section\" data-e-type=\"section\">\n\t\t\t\t\t\t<div class=\"elementor-container elementor-column-gap-default\">\n\t\t\t\t\t<div class=\"elementor-column elementor-col-100 elementor-top-column elementor-element elementor-element-3ad6912 kt-display-default\" data-id=\"3ad6912\" data-element_type=\"column\" data-e-type=\"column\">\n\t\t\t<div class=\"elementor-widget-wrap elementor-element-populated\">\n\t\t\t\t\t\t<div class=\"elementor-element elementor-element-bd444b2 elementor-widget elementor-widget-text-editor\" data-id=\"bd444b2\" data-element_type=\"widget\" data-e-type=\"widget\" data-widget_type=\"text-editor.default\">\n\t\t\t\t<div class=\"elementor-widget-container\">\n\t\t\t\t\t\t\t\t\t<p>QUESTA FORMAZIONE DARA\u2019 L\u2019OPPORTUNITA\u2019 AI TRAINER DI ACQUISIRE NUOVE CONOSCENZE E COMPETENZE PER PROPORRE E GESTIRE UN PROGRAMMA DI ALLENAMENTO PER LA DONNA IN GRAVIDANZA. L\u2019OBIETTIVO \u00e8 QUELLO DI STIMOLARLI VERSO UNA NUOVA SFIDA LAVORATIVA, SODDISFARLI CON UNA FORMAZIONE ED UN PROTOCOLLO DA POTER METTERE SUBITO IN ATTO.<br \/><br \/><strong>ALLENA LA DONNA IN GRAVIDANZA con Sonia Sacco<\/strong><\/p><ul><li>PERCHE\u2019 UN TRAINER DOVREBBE PARTECIPARE A QUESTO CORSO?<\/li><\/ul><p>Perch\u00e9 ti consente di ampliare le tue conoscenze nell\u2019ambito della gravidanza e di seguire nel giusto modo le tue clienti in dolce attesa, fornendoti tutte le competenze che ti servono\u00a0<\/p><p>per lavorare in sicurezza e con la giusta professionalit\u00e0.<\/p><ul><li>CHE COSA OTTERRAI AL TERMINE DEL CORSO?<\/li><\/ul><p>Al termine del corso, otterrai la certificazione di Personal Fitness Trainer in gravidanza, approvata dal Ministero dello Sport di San Marino e FAC Certifica.<\/p><ul><li>COME SI SVOLGE IL CORSO?<\/li><\/ul><p>Il corso verr\u00e0 sviluppato in 1 giornata in streaming, ci sar\u00e0 la possibilit\u00e0 di arricchirlo con una proposta in presenza.<\/p><p><strong>ELENCO ARGOMENTI TRATTATI nella parte in STREAMING:<\/strong><\/p><ul><li><strong>Evidenze scientifiche<\/strong> sull\u2019importanza della attivit\u00e0 fisica in gravidanza<\/li><li><strong>Osservazione dei cambiamenti<\/strong> che avvengono in gravidanza\u00a0<\/li><li><strong>Approccio<\/strong> e sostegno alla donna in gravidanza<\/li><li><strong>Esercizi fondamentali <\/strong>che il trainer deve utilizzare con la donna in gravidanza<\/li><li><strong>Linee guida per la stesura di un programma<\/strong> specifico di allenamento<\/li><\/ul><p>\u00a0<\/p><p><strong>ELENCO ARGOMENTI TRATTATI nella parte IN PRESENZA:<\/strong><\/p><ul><li><strong>L\u2019importanza del lavoro del trainer e la sinergia con gli altri professionisti che seguono la donna durante la gravidanza<\/strong><\/li><li><strong>Evidenze scientifiche sull\u2019importanza dell\u2019attivit\u00e0 fisica in gravidanza<\/strong><\/li><li><strong>Osservazione dei cambiamenti che avvengono in gravidanza<\/strong><\/li><li><strong>Protocollo di supporto mentale ed emotivo del trainer alla donna in gravidanza<\/strong><\/li><li><strong>Protocollo di esercizi fondamentali che il trainer deve utilizzare con la donna in gravidanza<\/strong><\/li><li><strong>Programmazione per la stesura del programma specifico di allenamento<\/strong><\/li><li><strong>linee guida per la stesura della lezione<\/strong><\/li><li><strong>Accorgimenti in base ai possibili disturbi comuni in gravidanza.<\/strong><\/li><\/ul>\t\t\t\t\t\t\t\t<\/div>\n\t\t\t\t<\/div>\n\t\t\t\t\t<\/div>\n\t\t<\/div>\n\t\t\t\t\t<\/div>\n\t\t<\/section>\n\t\t\t\t<\/div>\n\t\t","protected":false},"excerpt":{"rendered":"<p><strong>Pack PLUS<\/strong><br \/>\n-zoom call in streaming<br \/>\n-registrazione della live<\/p>\n<p><strong>Pack PREMIUM<\/strong><br \/>\n&#8211; Zoom call in streaming<br \/>\n&#8211; Registrazione della live<br \/>\n&#8211; Dispensa (slide o pdf)<br \/>\n&#8211; 15\u2019 di consulenza online con il professionista<br \/>\n&#8211; 2\\3 ore di esperienza in presenza per l\u2019approfondimento della parte pratica**<\/p>\n<p>** parte pratica: raggiungimento minimo di 5 pax, verr\u00e0 calendarizzata minimo 1 mese e mezzo dopo la live streaming.<br \/>\n(es: live streaming 1 febbraio, parte pratica 15 marzo)<\/p>\n","protected":false},"featured_media":7503,"template":"","meta":[],"product_brand":[],"product_cat":[120],"product_tag":[],"class_list":{"0":"post-7495","1":"product","2":"type-product","3":"status-publish","4":"has-post-thumbnail","6":"product_cat-ambition","8":"first","9":"outofstock","10":"taxable","11":"shipping-taxable","12":"purchasable","13":"product-type-variable"},"jetpack_sharing_enabled":true,"_links":{"self":[{"href":"https:\/\/vivi.fitactive.it\/ambition\/wp-json\/wp\/v2\/product\/7495","targetHints":{"allow":["GET"]}}],"collection":[{"href":"https:\/\/vivi.fitactive.it\/ambition\/wp-json\/wp\/v2\/product"}],"about":[{"href":"https:\/\/vivi.fitactive.it\/ambition\/wp-json\/wp\/v2\/types\/product"}],"version-history":[{"count":10,"href":"https:\/\/vivi.fitactive.it\/ambition\/wp-json\/wp\/v2\/product\/7495\/revisions"}],"predecessor-version":[{"id":7524,"href":"https:\/\/vivi.fitactive.it\/ambition\/wp-json\/wp\/v2\/product\/7495\/revisions\/7524"}],"wp:featuredmedia":[{"embeddable":true,"href":"https:\/\/vivi.fitactive.it\/ambition\/wp-json\/wp\/v2\/media\/7503"}],"wp:attachment":[{"href":"https:\/\/vivi.fitactive.it\/ambition\/wp-json\/wp\/v2\/media?parent=7495"}],"wp:term":[{"taxonomy":"product_brand","embeddable":true,"href":"https:\/\/vivi.fitactive.it\/ambition\/wp-json\/wp\/v2\/product_brand?post=7495"},{"taxonomy":"product_cat","embeddable":true,"href":"https:\/\/vivi.fitactive.it\/ambition\/wp-json\/wp\/v2\/product_cat?post=7495"},{"taxonomy":"product_tag","embeddable":true,"href":"https:\/\/vivi.fitactive.it\/ambition\/wp-json\/wp\/v2\/product_tag?post=7495"}],"curies":[{"name":"wp","href":"https:\/\/api.w.org\/{rel}","templated":true}]}}