{"id":12704,"date":"2026-04-18T11:39:37","date_gmt":"2026-04-18T09:39:37","guid":{"rendered":"https:\/\/vivi.fitactive.it\/ambition\/?post_type=product&#038;p=12704"},"modified":"2026-04-23T19:01:24","modified_gmt":"2026-04-23T17:01:24","slug":"workshop-functional-con-manubri-e-bilanciere","status":"publish","type":"product","link":"https:\/\/vivi.fitactive.it\/ambition\/product\/workshop-functional-con-manubri-e-bilanciere\/","title":{"rendered":"WORKSHOP FUNCTIONAL CON MANUBRI E BILANCIERE"},"content":{"rendered":"<div data-olk-copy-source=\"MessageBody\">Un approccio strutturato e progressivo alla forza, combinato con l&#8217;utilizzo di piccoli attrezzi per lavoro complementare e di precisione. Il bilanciere sviluppa potenza e tecnica, mentre elastici e manubri ampliano le possibilit\u00e0 di allenamento. Imparare l&#8217;utilizzo del bilanciere e dei manubri, sperimentando diverse tecniche, render\u00e0 versatili e pi\u00f9 efficaci le vostre lezioni.<\/div>\n<div>AL termine del corso verr\u00e0 rilasciato attestato di partecipazione FitActive.<\/div>\n<div><\/div>\n<div><span data-olk-copy-source=\"MessageBody\">data del corso: 8 Novembre 2026 FitActive milano sismondi<\/span><\/div>\n","protected":false},"excerpt":{"rendered":"<p>Un approccio strutturato e progressivo alla forza, combinato con l&#8217;utilizzo di piccoli attrezzi per lavoro complementare e di precisione. Il bilanciere sviluppa potenza e tecnica, mentre elastici e manubri ampliano le possibilit\u00e0 di allenamento. Imparare l&#8217;utilizzo del bilanciere e dei manubri, sperimentando diverse tecniche, render\u00e0 versatili e pi\u00f9 efficaci le vostre lezioni. AL termine del<\/p>\n","protected":false},"featured_media":12709,"template":"","meta":[],"product_brand":[],"product_cat":[124],"product_tag":[],"class_list":{"0":"post-12704","1":"product","2":"type-product","3":"status-publish","4":"has-post-thumbnail","6":"product_cat-grouptrainer","8":"first","9":"instock","10":"taxable","11":"shipping-taxable","12":"purchasable","13":"product-type-variable"},"jetpack_sharing_enabled":true,"_links":{"self":[{"href":"https:\/\/vivi.fitactive.it\/ambition\/wp-json\/wp\/v2\/product\/12704","targetHints":{"allow":["GET"]}}],"collection":[{"href":"https:\/\/vivi.fitactive.it\/ambition\/wp-json\/wp\/v2\/product"}],"about":[{"href":"https:\/\/vivi.fitactive.it\/ambition\/wp-json\/wp\/v2\/types\/product"}],"version-history":[{"count":2,"href":"https:\/\/vivi.fitactive.it\/ambition\/wp-json\/wp\/v2\/product\/12704\/revisions"}],"predecessor-version":[{"id":12711,"href":"https:\/\/vivi.fitactive.it\/ambition\/wp-json\/wp\/v2\/product\/12704\/revisions\/12711"}],"wp:featuredmedia":[{"embeddable":true,"href":"https:\/\/vivi.fitactive.it\/ambition\/wp-json\/wp\/v2\/media\/12709"}],"wp:attachment":[{"href":"https:\/\/vivi.fitactive.it\/ambition\/wp-json\/wp\/v2\/media?parent=12704"}],"wp:term":[{"taxonomy":"product_brand","embeddable":true,"href":"https:\/\/vivi.fitactive.it\/ambition\/wp-json\/wp\/v2\/product_brand?post=12704"},{"taxonomy":"product_cat","embeddable":true,"href":"https:\/\/vivi.fitactive.it\/ambition\/wp-json\/wp\/v2\/product_cat?post=12704"},{"taxonomy":"product_tag","embeddable":true,"href":"https:\/\/vivi.fitactive.it\/ambition\/wp-json\/wp\/v2\/product_tag?post=12704"}],"curies":[{"name":"wp","href":"https:\/\/api.w.org\/{rel}","templated":true}]}}