{"id":8845,"date":"2023-11-22T16:37:23","date_gmt":"2023-11-22T15:37:23","guid":{"rendered":"https:\/\/vivi.fitactive.it\/ambition\/?page_id=8845"},"modified":"2024-01-24T14:42:51","modified_gmt":"2024-01-24T13:42:51","slug":"formazioni-in-collaborazione","status":"publish","type":"page","link":"https:\/\/vivi.fitactive.it\/ambition\/formazioni-in-collaborazione\/","title":{"rendered":"Formazioni in Collaborazione"},"content":{"rendered":"\t\t<div data-elementor-type=\"wp-page\" data-elementor-id=\"8845\" class=\"elementor elementor-8845\">\n\t\t\t\t\t\t<section class=\"elementor-section elementor-top-section elementor-element elementor-element-b43828a elementor-section-boxed elementor-section-height-default elementor-section-height-default\" data-id=\"b43828a\" data-element_type=\"section\" data-e-type=\"section\">\n\t\t\t\t\t\t<div class=\"elementor-container elementor-column-gap-default\">\n\t\t\t\t\t<div class=\"elementor-column elementor-col-100 elementor-top-column elementor-element elementor-element-41444a3 kt-display-default\" data-id=\"41444a3\" data-element_type=\"column\" data-e-type=\"column\">\n\t\t\t<div class=\"elementor-widget-wrap elementor-element-populated\">\n\t\t\t\t\t\t<section class=\"elementor-section elementor-inner-section elementor-element elementor-element-82f67f1 elementor-section-boxed elementor-section-height-default elementor-section-height-default\" data-id=\"82f67f1\" data-element_type=\"section\" data-e-type=\"section\">\n\t\t\t\t\t\t<div class=\"elementor-container elementor-column-gap-default\">\n\t\t\t\t\t<div class=\"elementor-column elementor-col-50 elementor-inner-column elementor-element elementor-element-69717f4 kt-display-default\" data-id=\"69717f4\" data-element_type=\"column\" data-e-type=\"column\">\n\t\t\t<div class=\"elementor-widget-wrap elementor-element-populated\">\n\t\t\t\t\t\t<div class=\"elementor-element elementor-element-e4cc7ea elementor-widget elementor-widget-text-editor\" data-id=\"e4cc7ea\" data-element_type=\"widget\" data-e-type=\"widget\" data-widget_type=\"text-editor.default\">\n\t\t\t\t<div class=\"elementor-widget-container\">\n\t\t\t\t\t\t\t\t\t<p style=\"text-align: center;\"><span style=\"font-size: 17px;\"><strong>RITMO DO BRAZIL<\/strong><\/span><\/p><p>E\u2019 la fusione tra Brazuca Fitness \u00ae e Sambafit Official \u00ae, due discipline brasiliane, tanto diverse quanto complementari, tali da creare un mix esplosivo. Nasce dalla collaborazione tra Andr\u00e9 Cruz (Brazuca Fitness Creator) e Tiago Da Silva (Sambafit Official Creator) creando cos\u00ec un format esplosivo e unico che porta agli appassionati della danza e del fitness il meglio della cultura brasiliana senza perdere di vista le caratteristiche di queste due dicipline tra le piu note e quotate nel mondo del fitness internazionale.<\/p><p><strong>Clicca qui per tutte le formazioni<\/strong>:\u00a0<a href=\"https:\/\/www.ritmodobrazil.com\/eventi-e-formazioni\/\">https:\/\/www.ritmodobrazil.com\/eventi-e-formazioni\/<\/a><\/p><p><strong>Instagram<\/strong>: @ritmodobrazil_community<\/p><p><strong>Sei un collaboratore FitActive?<\/strong>\u00a0Per te un codice sconto speciale su tutte le formazioni Ritmo do Brazil. Scrivi a\u00a0<a href=\"mailto:corsidigruppo@fitactive.it\">corsidigruppo@fitactive.it<\/a>\u00a0per richiederlo.<\/p>\t\t\t\t\t\t\t\t<\/div>\n\t\t\t\t<\/div>\n\t\t\t\t\t<\/div>\n\t\t<\/div>\n\t\t\t\t<div class=\"elementor-column elementor-col-50 elementor-inner-column elementor-element elementor-element-4528171 kt-display-default\" data-id=\"4528171\" data-element_type=\"column\" data-e-type=\"column\">\n\t\t\t<div class=\"elementor-widget-wrap elementor-element-populated\">\n\t\t\t\t\t\t<div class=\"elementor-element elementor-element-60c5621 elementor-widget elementor-widget-image\" data-id=\"60c5621\" data-element_type=\"widget\" data-e-type=\"widget\" data-widget_type=\"image.default\">\n\t\t\t\t<div class=\"elementor-widget-container\">\n\t\t\t\t\t\t\t\t\t\t\t\t\t\t\t<img fetchpriority=\"high\" decoding=\"async\" width=\"400\" height=\"400\" src=\"https:\/\/i0.wp.com\/vivi.fitactive.it\/ambition\/wp-content\/uploads\/2023\/11\/ritmo-do-brasil-ok.jpeg?fit=400%2C400&amp;ssl=1\" class=\"attachment-large size-large wp-image-8847\" alt=\"\" srcset=\"https:\/\/i0.wp.com\/vivi.fitactive.it\/ambition\/wp-content\/uploads\/2023\/11\/ritmo-do-brasil-ok.jpeg?w=400&amp;ssl=1 400w, https:\/\/i0.wp.com\/vivi.fitactive.it\/ambition\/wp-content\/uploads\/2023\/11\/ritmo-do-brasil-ok.jpeg?resize=300%2C300&amp;ssl=1 300w, https:\/\/i0.wp.com\/vivi.fitactive.it\/ambition\/wp-content\/uploads\/2023\/11\/ritmo-do-brasil-ok.jpeg?resize=150%2C150&amp;ssl=1 150w, https:\/\/i0.wp.com\/vivi.fitactive.it\/ambition\/wp-content\/uploads\/2023\/11\/ritmo-do-brasil-ok.jpeg?resize=55%2C55&amp;ssl=1 55w, https:\/\/i0.wp.com\/vivi.fitactive.it\/ambition\/wp-content\/uploads\/2023\/11\/ritmo-do-brasil-ok.jpeg?resize=100%2C100&amp;ssl=1 100w\" sizes=\"(max-width: 400px) 100vw, 400px\" \/>\t\t\t\t\t\t\t\t\t\t\t\t\t\t\t<\/div>\n\t\t\t\t<\/div>\n\t\t\t\t\t<\/div>\n\t\t<\/div>\n\t\t\t\t\t<\/div>\n\t\t<\/section>\n\t\t\t\t<section class=\"elementor-section elementor-inner-section elementor-element elementor-element-69bb95d elementor-section-boxed elementor-section-height-default elementor-section-height-default\" data-id=\"69bb95d\" data-element_type=\"section\" data-e-type=\"section\">\n\t\t\t\t\t\t<div class=\"elementor-container elementor-column-gap-default\">\n\t\t\t\t\t<div class=\"elementor-column elementor-col-50 elementor-inner-column elementor-element elementor-element-13277ba kt-display-default\" data-id=\"13277ba\" data-element_type=\"column\" data-e-type=\"column\">\n\t\t\t<div class=\"elementor-widget-wrap elementor-element-populated\">\n\t\t\t\t\t\t<div class=\"elementor-element elementor-element-e446773 elementor-widget elementor-widget-image\" data-id=\"e446773\" data-element_type=\"widget\" data-e-type=\"widget\" data-widget_type=\"image.default\">\n\t\t\t\t<div class=\"elementor-widget-container\">\n\t\t\t\t\t\t\t\t\t\t\t\t\t\t\t<img decoding=\"async\" width=\"225\" height=\"225\" src=\"https:\/\/i0.wp.com\/vivi.fitactive.it\/ambition\/wp-content\/uploads\/2023\/11\/insany.jpeg?fit=225%2C225&amp;ssl=1\" class=\"attachment-2048x2048 size-2048x2048 wp-image-8848\" alt=\"\" srcset=\"https:\/\/i0.wp.com\/vivi.fitactive.it\/ambition\/wp-content\/uploads\/2023\/11\/insany.jpeg?w=225&amp;ssl=1 225w, https:\/\/i0.wp.com\/vivi.fitactive.it\/ambition\/wp-content\/uploads\/2023\/11\/insany.jpeg?resize=150%2C150&amp;ssl=1 150w, https:\/\/i0.wp.com\/vivi.fitactive.it\/ambition\/wp-content\/uploads\/2023\/11\/insany.jpeg?resize=55%2C55&amp;ssl=1 55w, https:\/\/i0.wp.com\/vivi.fitactive.it\/ambition\/wp-content\/uploads\/2023\/11\/insany.jpeg?resize=100%2C100&amp;ssl=1 100w\" sizes=\"(max-width: 225px) 100vw, 225px\" \/>\t\t\t\t\t\t\t\t\t\t\t\t\t\t\t<\/div>\n\t\t\t\t<\/div>\n\t\t\t\t\t<\/div>\n\t\t<\/div>\n\t\t\t\t<div class=\"elementor-column elementor-col-50 elementor-inner-column elementor-element elementor-element-05a99a4 kt-display-default\" data-id=\"05a99a4\" data-element_type=\"column\" data-e-type=\"column\">\n\t\t\t<div class=\"elementor-widget-wrap elementor-element-populated\">\n\t\t\t\t\t\t<div class=\"elementor-element elementor-element-de44cd8 elementor-widget elementor-widget-text-editor\" data-id=\"de44cd8\" data-element_type=\"widget\" data-e-type=\"widget\" data-widget_type=\"text-editor.default\">\n\t\t\t\t<div class=\"elementor-widget-container\">\n\t\t\t\t\t\t\t\t\t<p style=\"text-align: center;\"><span style=\"font-size: 17px;\"><strong>INSANY-T<\/strong><\/span><\/p><p>Insany-T\u00ae \u00e8 una ginnastica funzionale e aerobica sportiva, mixata a esercizi cardiovascolari ad alta intensit\u00e0 e movimenti di coordinazione, potenziamento e condizionamento muscolare. Da svolgere a suon di musica e a ritmo crescente.<\/p><p><strong>Per tutte le info<\/strong>: insanyt.it@gmail.com<\/p><p><strong>Instagram<\/strong>: @insany_t<\/p><p><span style=\"font-family: Roboto, sans-serif; font-size: 14px; font-style: normal; font-variant-ligatures: normal; font-variant-caps: normal; font-weight: bold; color: var( --e-global-color-text );\">Sei un collaboratore FitActive?<\/span>\u00a0Per te uno sconto speciale su tutte le formazioni Insany-T. Scrivi a <a href=\"mailto:corsidigruppo@fitactive.it\">corsidigruppo@fitactive.it<\/a> per ottenerlo.<\/p>\t\t\t\t\t\t\t\t<\/div>\n\t\t\t\t<\/div>\n\t\t\t\t\t<\/div>\n\t\t<\/div>\n\t\t\t\t\t<\/div>\n\t\t<\/section>\n\t\t\t\t<section class=\"elementor-section elementor-inner-section elementor-element elementor-element-21fff9e elementor-section-boxed elementor-section-height-default elementor-section-height-default\" data-id=\"21fff9e\" data-element_type=\"section\" data-e-type=\"section\">\n\t\t\t\t\t\t<div class=\"elementor-container elementor-column-gap-default\">\n\t\t\t\t\t<div class=\"elementor-column elementor-col-50 elementor-inner-column elementor-element elementor-element-be47af9 kt-display-default\" data-id=\"be47af9\" data-element_type=\"column\" data-e-type=\"column\">\n\t\t\t<div class=\"elementor-widget-wrap elementor-element-populated\">\n\t\t\t\t\t\t<div class=\"elementor-element elementor-element-ff13a59 elementor-widget elementor-widget-text-editor\" data-id=\"ff13a59\" data-element_type=\"widget\" data-e-type=\"widget\" data-widget_type=\"text-editor.default\">\n\t\t\t\t<div class=\"elementor-widget-container\">\n\t\t\t\t\t\t\t\t\t<p style=\"text-align: center;\"><span style=\"font-size: 17px;\"><strong>CROSS CARDIO &amp; MOBILITY<\/strong><\/span><\/p><p>Cross Cardio e Mobility rappresentano il futuro del fitness, offrendo un mix innovativo di allenamento funzionale ad alta intensit\u00e0 e protocolli specifici per allenare la mobilit\u00e0 pensati per massimizzare le performance e la salute degli allievi.<\/p><p>Con l\u2019allenamento<strong> Cross Cardio<\/strong>:<\/p><p><strong>&#8211;<\/strong> Trasformi le lezioni in appuntamenti imperdibili, combinando <strong>Cross Training<\/strong>, <strong>Functional Training<\/strong> e <strong>Mobilit\u00e0 Articolare<\/strong>, con un focus sul cuore.<\/p><p><strong>&#8211; HIIT funzionale<\/strong> che sviluppa mobilit\u00e0, forza muscolare e condizionamento cardiovascolare.<\/p><p><strong>&#8211; Tre fasi fondamentali:<\/strong> riscaldamento cardio, recupero attivo con esecuzione propedeutica degli esercizi, sessione di allenamento.<\/p><p>Mentre con il <strong>Protocollo Mobility<\/strong>:<\/p><p><strong>&#8211; Rivoluzioni l&#8217;approccio olistico<\/strong>, migliorando le performance atletiche attraverso la mobilit\u00e0 funzionale.<\/p><p><strong>&#8211; Previeni gli infortuni <\/strong>e alleni il recupero delle funzionalit\u00e0 articolari.<\/p><p><strong>&#8211; Insegni la consapevolezza corporea<\/strong>, promuovendo un approccio meditativo all&#8217;esercizio.<\/p><p><strong>&#8211; Personalizzi gli allenamenti<\/strong> in base alle esigenze e ai limiti dell\u2019allievo, garantendo risultati ottimali.<\/p><p>Un approccio &#8220;Medical Fitness&#8221; che differenzia il pubblico di allievi attirando anche quelli che di solito non si allenano in sala corsi.<\/p><p>Entrambi i programmi, disponibili tramite formazione specifica, ti trasformeranno nel<strong> trainer pi\u00f9 performante del tuo club<\/strong> capace di attrarre una clientela diversificata, coinvolgendo anche chi normalmente non si allena in sala corsi.\u00a0<\/p><p>Scopri di pi\u00f9 su come partecipare ai corsi di Cross Cardio e Mobility e diventa quel Trainer che si occupa del <strong>miglioramento fisico delle persone a 360 gradi<\/strong>.<\/p><p>Visita il nostro sito per scoprire tutte le nostre formazioni:\u00a0<\/p><p><strong>&#8211;<\/strong> <a href=\"https:\/\/crosscardio.com\/formazione-crc\/formazione-crc-livello-1\/https:\/\/crosscardio.com\/formazione-crc\/mobility\/\">https:\/\/crosscardio.com\/formazione-crc\/formazione-crc-livello-1\/<\/a><\/p><p><strong>&#8211;<\/strong> <a href=\"https:\/\/crosscardio.com\/formazione-crc\/formazione-crc-livello-1\/https:\/\/crosscardio.com\/formazione-crc\/mobility\/\">https:\/\/crosscardio.com\/formazione-crc\/mobility\/\u00a0<\/a><\/p><p>\u00a0<strong>Instagram<\/strong>: @crosscardio<\/p><p>E se sei un collaboratore FitActive, approfitta del codice sconto speciale su tutte le formazioni Cross Cardio scrivendo a <strong>corsidigruppo@fitactive.it<\/strong>.<\/p>\t\t\t\t\t\t\t\t<\/div>\n\t\t\t\t<\/div>\n\t\t\t\t\t<\/div>\n\t\t<\/div>\n\t\t\t\t<div class=\"elementor-column elementor-col-50 elementor-inner-column elementor-element elementor-element-4749020 kt-display-default\" data-id=\"4749020\" data-element_type=\"column\" data-e-type=\"column\">\n\t\t\t<div class=\"elementor-widget-wrap elementor-element-populated\">\n\t\t\t\t\t\t<div class=\"elementor-element elementor-element-9437e90 elementor-widget elementor-widget-image\" data-id=\"9437e90\" data-element_type=\"widget\" data-e-type=\"widget\" data-widget_type=\"image.default\">\n\t\t\t\t<div class=\"elementor-widget-container\">\n\t\t\t\t\t\t\t\t\t\t\t\t\t\t\t<img decoding=\"async\" width=\"300\" height=\"300\" src=\"https:\/\/i0.wp.com\/vivi.fitactive.it\/ambition\/wp-content\/uploads\/2023\/11\/crosscardio.jpeg?fit=300%2C300&amp;ssl=1\" class=\"attachment-medium size-medium wp-image-8850\" alt=\"\" srcset=\"https:\/\/i0.wp.com\/vivi.fitactive.it\/ambition\/wp-content\/uploads\/2023\/11\/crosscardio.jpeg?w=600&amp;ssl=1 600w, https:\/\/i0.wp.com\/vivi.fitactive.it\/ambition\/wp-content\/uploads\/2023\/11\/crosscardio.jpeg?resize=300%2C300&amp;ssl=1 300w, https:\/\/i0.wp.com\/vivi.fitactive.it\/ambition\/wp-content\/uploads\/2023\/11\/crosscardio.jpeg?resize=150%2C150&amp;ssl=1 150w, https:\/\/i0.wp.com\/vivi.fitactive.it\/ambition\/wp-content\/uploads\/2023\/11\/crosscardio.jpeg?resize=400%2C400&amp;ssl=1 400w, https:\/\/i0.wp.com\/vivi.fitactive.it\/ambition\/wp-content\/uploads\/2023\/11\/crosscardio.jpeg?resize=55%2C55&amp;ssl=1 55w, https:\/\/i0.wp.com\/vivi.fitactive.it\/ambition\/wp-content\/uploads\/2023\/11\/crosscardio.jpeg?resize=100%2C100&amp;ssl=1 100w\" sizes=\"(max-width: 300px) 100vw, 300px\" \/>\t\t\t\t\t\t\t\t\t\t\t\t\t\t\t<\/div>\n\t\t\t\t<\/div>\n\t\t\t\t\t<\/div>\n\t\t<\/div>\n\t\t\t\t\t<\/div>\n\t\t<\/section>\n\t\t\t\t<section class=\"elementor-section elementor-inner-section elementor-element elementor-element-fc4480e elementor-section-boxed elementor-section-height-default elementor-section-height-default\" data-id=\"fc4480e\" data-element_type=\"section\" data-e-type=\"section\">\n\t\t\t\t\t\t<div class=\"elementor-container elementor-column-gap-default\">\n\t\t\t\t\t<div class=\"elementor-column elementor-col-50 elementor-inner-column elementor-element elementor-element-5160b0e kt-display-default\" data-id=\"5160b0e\" data-element_type=\"column\" data-e-type=\"column\">\n\t\t\t<div class=\"elementor-widget-wrap elementor-element-populated\">\n\t\t\t\t\t\t<div class=\"elementor-element elementor-element-8457d8b elementor-widget elementor-widget-image\" data-id=\"8457d8b\" data-element_type=\"widget\" data-e-type=\"widget\" data-widget_type=\"image.default\">\n\t\t\t\t<div class=\"elementor-widget-container\">\n\t\t\t\t\t\t\t\t\t\t\t\t\t\t\t<img loading=\"lazy\" decoding=\"async\" width=\"960\" height=\"720\" src=\"https:\/\/i0.wp.com\/vivi.fitactive.it\/ambition\/wp-content\/uploads\/2023\/11\/coutryfitness.jpeg?fit=960%2C720&amp;ssl=1\" class=\"attachment-large size-large wp-image-8849\" alt=\"\" srcset=\"https:\/\/i0.wp.com\/vivi.fitactive.it\/ambition\/wp-content\/uploads\/2023\/11\/coutryfitness.jpeg?w=960&amp;ssl=1 960w, https:\/\/i0.wp.com\/vivi.fitactive.it\/ambition\/wp-content\/uploads\/2023\/11\/coutryfitness.jpeg?resize=300%2C225&amp;ssl=1 300w, https:\/\/i0.wp.com\/vivi.fitactive.it\/ambition\/wp-content\/uploads\/2023\/11\/coutryfitness.jpeg?resize=768%2C576&amp;ssl=1 768w, https:\/\/i0.wp.com\/vivi.fitactive.it\/ambition\/wp-content\/uploads\/2023\/11\/coutryfitness.jpeg?resize=600%2C450&amp;ssl=1 600w, https:\/\/i0.wp.com\/vivi.fitactive.it\/ambition\/wp-content\/uploads\/2023\/11\/coutryfitness.jpeg?resize=400%2C300&amp;ssl=1 400w\" sizes=\"(max-width: 960px) 100vw, 960px\" \/>\t\t\t\t\t\t\t\t\t\t\t\t\t\t\t<\/div>\n\t\t\t\t<\/div>\n\t\t\t\t\t<\/div>\n\t\t<\/div>\n\t\t\t\t<div class=\"elementor-column elementor-col-50 elementor-inner-column elementor-element elementor-element-b737879 kt-display-default\" data-id=\"b737879\" data-element_type=\"column\" data-e-type=\"column\">\n\t\t\t<div class=\"elementor-widget-wrap elementor-element-populated\">\n\t\t\t\t\t\t<div class=\"elementor-element elementor-element-96d07c7 elementor-widget elementor-widget-text-editor\" data-id=\"96d07c7\" data-element_type=\"widget\" data-e-type=\"widget\" data-widget_type=\"text-editor.default\">\n\t\t\t\t<div class=\"elementor-widget-container\">\n\t\t\t\t\t\t\t\t\t<p style=\"text-align: center;\"><span style=\"font-size: 17px;\"><strong>COUNTRY FITNESS<\/strong><\/span><\/p><p><strong>Il Country Fitness, si presenta come una lezione di fitness, partendo dal riscaldamento per arrivare allo stretching in una routine con progressione piramidale:<\/strong>\u00a0aerobica basso ed alto impatto, coordinazione, resistenza, tonificazione e stretching, combattimenti ed inseguimenti, balli di coppia e danze irlandesi, un viaggio temporale attraverso la storia della musica country.\u00a0Le routine pre-coreografate di ogni canzone, vengono studiate e preparate seguendo i trattati internazionali di Aerobica e gli esercizi di tonificazione proposti si adattano a persone di qualsiasi et\u00e0.<\/p><p>La formula del pre-coreografato risulta molto semplice nell\u2019apprendimento e nell\u2019insegnamento. Ai corsi di formazione verr\u00e0 fornito tutto il materiale didattico occorrente. Per partecipare alla formazione \u00e8 sufficiente aver praticato attivit\u00e0 di fitness o country line dance.<\/p><p><span style=\"font-family: Roboto, sans-serif; font-size: 14px; font-style: normal; font-variant-ligatures: normal; font-variant-caps: normal; font-weight: bold; color: var( --e-global-color-text );\">Clicca qui per tutte le formazioni<\/span>:\u00a0<a href=\"https:\/\/www.countryfitness.it\/\">https:\/\/www.countryfitness.it\/<\/a><\/p><p><strong>Instagram<\/strong>: @countryfitnessofficial<\/p><p><span style=\"font-family: Roboto, sans-serif; font-size: 14px; font-style: normal; font-variant-ligatures: normal; font-variant-caps: normal; font-weight: bold; color: var( --e-global-color-text );\">Sei un collaboratore FitActive?<\/span> Per te un prezzo pi\u00f9 vantaggioso e coreografie bonus iscrivendoti tramite questo link:<\/p><p><a href=\"https:\/\/www.countryfitness.it\/formazione\/iscrizioni\/prima-formazione-fitactive-iscrizione.html\">https:\/\/www.countryfitness.it\/formazione\/iscrizioni\/prima-formazione-fitactive-iscrizione.html<\/a><\/p>\t\t\t\t\t\t\t\t<\/div>\n\t\t\t\t<\/div>\n\t\t\t\t\t<\/div>\n\t\t<\/div>\n\t\t\t\t\t<\/div>\n\t\t<\/section>\n\t\t\t\t<section class=\"elementor-section elementor-inner-section elementor-element elementor-element-b1d076b elementor-section-boxed elementor-section-height-default elementor-section-height-default\" data-id=\"b1d076b\" data-element_type=\"section\" data-e-type=\"section\">\n\t\t\t\t\t\t<div class=\"elementor-container elementor-column-gap-default\">\n\t\t\t\t\t<div class=\"elementor-column elementor-col-50 elementor-inner-column elementor-element elementor-element-cd9dd4e kt-display-default\" data-id=\"cd9dd4e\" data-element_type=\"column\" data-e-type=\"column\">\n\t\t\t<div class=\"elementor-widget-wrap elementor-element-populated\">\n\t\t\t\t\t\t<div class=\"elementor-element elementor-element-eaf3139 elementor-widget elementor-widget-text-editor\" data-id=\"eaf3139\" data-element_type=\"widget\" data-e-type=\"widget\" data-widget_type=\"text-editor.default\">\n\t\t\t\t<div class=\"elementor-widget-container\">\n\t\t\t\t\t\t\t\t\t<p style=\"text-align: center;\"><span style=\"font-size: 17px;\"><strong>FIT KOMBAT<\/strong><\/span><\/p><p>FIT KOMBAT\u00ae \u00e8 la disciplina fitness made in Italy che sta coinvolgendo, giorno dopo giorno, un pubblico sempre pi\u00f9 vasto. Programma di allenamento pre-coreografato che fonde insieme le tecniche e i colpi provenienti da differenti arti marziali, adattandoli al mondo del fitness. Caratteristiche fondamentali di FIT KOMBAT\u00ae: \u00e8 un lavoro pre-coreografato, e si esegue al ritmo di una musica ricca di effetti, atti a contraddistinguere le varie tecniche. Musica e sequenze di tecniche gi\u00e0 predefinite differenziano Fit Kombat da tutti gli altri format di lavoro al sacco gi\u00e0 esistenti. E\u2019 innovativo, coinvolgente e soprattutto \u00e8 semplice, quindi adatto a tutti: la corrispondenza tra gli effetti sonori e le tecniche da eseguire rendono questo allenamento adatto a tutti: uomini, donne, ragazzi e persone pi\u00f9 adulte.<\/p><p><span style=\"font-family: Roboto, sans-serif; font-size: 14px; font-style: normal; font-variant-ligatures: normal; font-variant-caps: normal; font-weight: bold; color: var( --e-global-color-text );\">Clicca qui per tutte le formazioni<\/span>:\u00a0<a href=\"https:\/\/www.fitkombat.it\/formazione\">https:\/\/www.fitkombat.it\/formazione<\/a><\/p><p><strong>Instagram<\/strong>: @fitkombat<\/p><p><span style=\"font-style: normal; font-variant-ligatures: normal; font-variant-caps: normal; font-weight: bold; font-family: Roboto, sans-serif; font-size: 14px;\">Sei un collaboratore FitActive?<\/span>\u00a0Per te un codice sconto speciale sulla formazione 1\u00b0 e 2\u00b0 livello. Scrivi a <a href=\"mailto:corsidigruppo@fitactive.it\">corsidigruppo@fitactive.it<\/a> per richiederlo.<\/p>\t\t\t\t\t\t\t\t<\/div>\n\t\t\t\t<\/div>\n\t\t\t\t\t<\/div>\n\t\t<\/div>\n\t\t\t\t<div class=\"elementor-column elementor-col-50 elementor-inner-column elementor-element elementor-element-c565a04 kt-display-default\" data-id=\"c565a04\" data-element_type=\"column\" data-e-type=\"column\">\n\t\t\t<div class=\"elementor-widget-wrap elementor-element-populated\">\n\t\t\t\t\t\t<div class=\"elementor-element elementor-element-5a1e848 elementor-widget elementor-widget-image\" data-id=\"5a1e848\" data-element_type=\"widget\" data-e-type=\"widget\" data-widget_type=\"image.default\">\n\t\t\t\t<div class=\"elementor-widget-container\">\n\t\t\t\t\t\t\t\t\t\t\t\t\t\t\t<img loading=\"lazy\" decoding=\"async\" width=\"1024\" height=\"687\" src=\"https:\/\/i0.wp.com\/vivi.fitactive.it\/ambition\/wp-content\/uploads\/2023\/11\/fitcombat.jpeg?fit=1024%2C687&amp;ssl=1\" class=\"attachment-large size-large wp-image-8851\" alt=\"\" srcset=\"https:\/\/i0.wp.com\/vivi.fitactive.it\/ambition\/wp-content\/uploads\/2023\/11\/fitcombat.jpeg?w=1024&amp;ssl=1 1024w, https:\/\/i0.wp.com\/vivi.fitactive.it\/ambition\/wp-content\/uploads\/2023\/11\/fitcombat.jpeg?resize=300%2C201&amp;ssl=1 300w, https:\/\/i0.wp.com\/vivi.fitactive.it\/ambition\/wp-content\/uploads\/2023\/11\/fitcombat.jpeg?resize=768%2C515&amp;ssl=1 768w, https:\/\/i0.wp.com\/vivi.fitactive.it\/ambition\/wp-content\/uploads\/2023\/11\/fitcombat.jpeg?resize=600%2C403&amp;ssl=1 600w, https:\/\/i0.wp.com\/vivi.fitactive.it\/ambition\/wp-content\/uploads\/2023\/11\/fitcombat.jpeg?resize=400%2C268&amp;ssl=1 400w\" sizes=\"(max-width: 1024px) 100vw, 1024px\" \/>\t\t\t\t\t\t\t\t\t\t\t\t\t\t\t<\/div>\n\t\t\t\t<\/div>\n\t\t\t\t\t<\/div>\n\t\t<\/div>\n\t\t\t\t\t<\/div>\n\t\t<\/section>\n\t\t\t\t\t<\/div>\n\t\t<\/div>\n\t\t\t\t\t<\/div>\n\t\t<\/section>\n\t\t\t\t<\/div>\n\t\t","protected":false},"excerpt":{"rendered":"<p>RITMO DO BRAZIL E\u2019 la fusione tra Brazuca Fitness \u00ae e Sambafit Official \u00ae, due discipline brasiliane, tanto diverse quanto complementari, tali da creare un mix esplosivo. Nasce dalla collaborazione tra Andr\u00e9 Cruz (Brazuca Fitness Creator) e Tiago Da Silva (Sambafit Official Creator) creando cos\u00ec un format esplosivo e unico che porta agli appassionati della<\/p>\n","protected":false},"author":1,"featured_media":0,"parent":0,"menu_order":0,"comment_status":"closed","ping_status":"closed","template":"","meta":{"footnotes":""},"class_list":["post-8845","page","type-page","status-publish","hentry"],"jetpack_sharing_enabled":true,"_links":{"self":[{"href":"https:\/\/vivi.fitactive.it\/ambition\/wp-json\/wp\/v2\/pages\/8845","targetHints":{"allow":["GET"]}}],"collection":[{"href":"https:\/\/vivi.fitactive.it\/ambition\/wp-json\/wp\/v2\/pages"}],"about":[{"href":"https:\/\/vivi.fitactive.it\/ambition\/wp-json\/wp\/v2\/types\/page"}],"author":[{"embeddable":true,"href":"https:\/\/vivi.fitactive.it\/ambition\/wp-json\/wp\/v2\/users\/1"}],"replies":[{"embeddable":true,"href":"https:\/\/vivi.fitactive.it\/ambition\/wp-json\/wp\/v2\/comments?post=8845"}],"version-history":[{"count":7,"href":"https:\/\/vivi.fitactive.it\/ambition\/wp-json\/wp\/v2\/pages\/8845\/revisions"}],"predecessor-version":[{"id":9090,"href":"https:\/\/vivi.fitactive.it\/ambition\/wp-json\/wp\/v2\/pages\/8845\/revisions\/9090"}],"wp:attachment":[{"href":"https:\/\/vivi.fitactive.it\/ambition\/wp-json\/wp\/v2\/media?parent=8845"}],"curies":[{"name":"wp","href":"https:\/\/api.w.org\/{rel}","templated":true}]}}